{"id":13,"date":"2016-03-14T10:48:34","date_gmt":"2016-03-14T10:48:34","guid":{"rendered":"http:\/\/camma.u-strasbg.fr\/m2cai2016\/?page_id=13"},"modified":"2024-04-15T09:34:36","modified_gmt":"2024-04-15T09:34:36","slug":"organizers","status":"publish","type":"page","link":"https:\/\/camma.unistra.fr\/m2cai2016\/index.php\/organizers\/","title":{"rendered":"Organizers"},"content":{"rendered":"<h3>Event Organizers<\/h3>\n<p><strong>Nicolas Padoy<\/strong><br \/>\nICube Laboratory &#8211; <a style=\"cursor: pointer !important; user-select: none !important;\" draggable=\"true\" href=\"https:\/\/camma.unistra.fr\" target=\"_blank\" rel=\"noopener\">Research group CAMMA\u00a0<\/a><br \/>\nUniversit\u00e9 de Strasbourg, France<br \/>\n<a style=\"cursor: pointer !important; user-select: none !important;\" draggable=\"true\" href=\"mailto:npadoy@unistra.fr\">npadoy@unistra.fr<\/a><\/p>\n<hr \/>\n<p><strong>Andru Putra Twinanda<\/strong><br \/>\nICube Laboratory &#8211; <a href=\"https:\/\/camma.unistra.fr\" target=\"_blank\" rel=\"noopener\">Research group CAMMA<\/a><br \/>\nUniversit\u00e9 de Strasbourg, France<br \/>\n<a style=\"cursor: pointer !important; user-select: none !important;\" draggable=\"true\" href=\"mailto:twinanda@unistra.fr\">twinanda@unistra.fr<\/a><\/p>\n<hr \/>\n<p><strong>Ralf Stauder<\/strong><br \/>\n<a href=\"http:\/\/campar.in.tum.de\/WebHome\" target=\"_blank\" rel=\"noopener\">Research group CAMP<\/a><br \/>\nTechnische Universit\u00e4t\u00a0M\u00fcnchen, Germany<br \/>\n<a href=\"mailto:ralf.stauder@tum.de\">ralf.stauder@tum.de<\/a><\/p>\n<hr style=\"color: #000000; height: 3px;\" \/>\n<h3>Advisory Board<\/h3>\n<p><strong>Germain Forestier<\/strong><br \/>\nUniversit\u00e9 de Haute Alsace, France<\/p>\n<hr \/>\n<p><strong>Gregory Hager<\/strong><br \/>\nJohns Hopkins University, USA<\/p>\n<hr \/>\n<p><strong>Hiroshi Iseki<\/strong><br \/>\nTokyo Women&#8217;s Medical University, Japan<\/p>\n<hr \/>\n<p><strong>Pierre Jannin<\/strong><br \/>\nUniversit\u00e9 de Renne 1, France<\/p>\n<hr \/>\n<p><strong>Nassir Navab<\/strong><br \/>\nTechnische Universit\u00e4t M\u00fcnchen, Germany<\/p>\n<hr \/>\n<p><strong>Thomas Neumuth<\/strong><br \/>\nUniversity of Leipzig, Germany<\/p>\n<hr \/>\n<p><strong>Sandrine Voros<\/strong><br \/>\nUniversit\u00e9 Grenoble Alpes, France<\/p>\n<hr \/>\n<p><strong>Guang-Zhong Yang<\/strong><br \/>\nImperial College London,\u00a0UK<\/p>\n","protected":false},"excerpt":{"rendered":"<p>Event Organizers Nicolas Padoy ICube Laboratory &#8211; Research group CAMMA\u00a0 Universit\u00e9 de Strasbourg, France npadoy@unistra.fr Andru Putra Twinanda ICube Laboratory &#8211; Research group CAMMA Universit\u00e9 de Strasbourg, France twinanda@unistra.fr Ralf Stauder Research group CAMP Technische Universit\u00e4t\u00a0M\u00fcnchen, Germany ralf.stauder@tum.de Advisory Board Germain Forestier Universit\u00e9 de Haute Alsace, France Gregory Hager Johns Hopkins University, USA Hiroshi Iseki Tokyo Women&#8217;s Medical University, Japan &hellip;<\/p>\n","protected":false},"author":1,"featured_media":0,"parent":0,"menu_order":0,"comment_status":"closed","ping_status":"closed","template":"","meta":{"footnotes":""},"class_list":["post-13","page","type-page","status-publish","hentry","archive-loop-container"],"_links":{"self":[{"href":"https:\/\/camma.unistra.fr\/m2cai2016\/index.php\/wp-json\/wp\/v2\/pages\/13","targetHints":{"allow":["GET"]}}],"collection":[{"href":"https:\/\/camma.unistra.fr\/m2cai2016\/index.php\/wp-json\/wp\/v2\/pages"}],"about":[{"href":"https:\/\/camma.unistra.fr\/m2cai2016\/index.php\/wp-json\/wp\/v2\/types\/page"}],"author":[{"embeddable":true,"href":"https:\/\/camma.unistra.fr\/m2cai2016\/index.php\/wp-json\/wp\/v2\/users\/1"}],"replies":[{"embeddable":true,"href":"https:\/\/camma.unistra.fr\/m2cai2016\/index.php\/wp-json\/wp\/v2\/comments?post=13"}],"version-history":[{"count":1,"href":"https:\/\/camma.unistra.fr\/m2cai2016\/index.php\/wp-json\/wp\/v2\/pages\/13\/revisions"}],"predecessor-version":[{"id":412,"href":"https:\/\/camma.unistra.fr\/m2cai2016\/index.php\/wp-json\/wp\/v2\/pages\/13\/revisions\/412"}],"wp:attachment":[{"href":"https:\/\/camma.unistra.fr\/m2cai2016\/index.php\/wp-json\/wp\/v2\/media?parent=13"}],"curies":[{"name":"wp","href":"https:\/\/api.w.org\/{rel}","templated":true}]}}